{"id":748,"date":"2018-06-14T07:13:42","date_gmt":"2018-06-14T07:13:42","guid":{"rendered":"https:\/\/azena.hr\/?page_id=748"},"modified":"2023-09-13T10:59:40","modified_gmt":"2023-09-13T10:59:40","slug":"kontakt","status":"publish","type":"page","link":"https:\/\/azena.hr\/hr\/kontakt\/","title":{"rendered":"Kontakt"},"content":{"rendered":"<p><strong>Azena<\/strong> d.o.o. &#8211; tvrtka s ograni\u010denom odgovorno\u0161\u0107u za proizvodnju i prodaju ljekovitog bilja i zdrave hrane, temeljni kapital od 20.000 kn, pla\u0107en u cijelosti, direktor: Senna U\u0161i\u0107 Jogunica; tvrtka je registrirana na Trgova\u010dkom sudu u Zagrebu pod registriranim brojem 080061487.<\/p>\n<p>ZA SVE INFORMACIJE, UPITE I CIJENE KONTAKTIRAJTE NAS S POVJERENJEM.<\/p>\n","protected":false},"excerpt":{"rendered":"<p>Azena d.o.o. &#8211; tvrtka s ograni\u010denom odgovorno\u0161\u0107u za proizvodnju i prodaju ljekovitog bilja i zdrave hrane, temeljni kapital od 20.000 kn, pla\u0107en u cijelosti, direktor: Senna U\u0161i\u0107 Jogunica; tvrtka je registrirana na Trgova\u010dkom sudu u Zagrebu pod registriranim &hellip;<\/p>\n","protected":false},"author":1,"featured_media":0,"parent":0,"menu_order":0,"comment_status":"closed","ping_status":"closed","template":"tpl-contact.php","meta":{"footnotes":""},"class_list":["post-748","page","type-page","status-publish","hentry"],"_links":{"self":[{"href":"https:\/\/azena.hr\/hr\/wp-json\/wp\/v2\/pages\/748","targetHints":{"allow":["GET"]}}],"collection":[{"href":"https:\/\/azena.hr\/hr\/wp-json\/wp\/v2\/pages"}],"about":[{"href":"https:\/\/azena.hr\/hr\/wp-json\/wp\/v2\/types\/page"}],"author":[{"embeddable":true,"href":"https:\/\/azena.hr\/hr\/wp-json\/wp\/v2\/users\/1"}],"replies":[{"embeddable":true,"href":"https:\/\/azena.hr\/hr\/wp-json\/wp\/v2\/comments?post=748"}],"version-history":[{"count":27,"href":"https:\/\/azena.hr\/hr\/wp-json\/wp\/v2\/pages\/748\/revisions"}],"predecessor-version":[{"id":1994,"href":"https:\/\/azena.hr\/hr\/wp-json\/wp\/v2\/pages\/748\/revisions\/1994"}],"wp:attachment":[{"href":"https:\/\/azena.hr\/hr\/wp-json\/wp\/v2\/media?parent=748"}],"curies":[{"name":"wp","href":"https:\/\/api.w.org\/{rel}","templated":true}]}}